{"id":12325,"date":"2017-09-13T09:02:28","date_gmt":"2017-09-13T07:02:28","guid":{"rendered":"http:\/\/www.euro-ceramika.pl\/nowa\/?page_id=12325"},"modified":"2019-03-11T17:01:12","modified_gmt":"2019-03-11T16:01:12","slug":"uber-uns","status":"publish","type":"page","link":"http:\/\/www.euro-ceramika.pl\/de\/uber-uns\/","title":{"rendered":"\u00dcber uns"},"content":{"rendered":"","protected":false},"excerpt":{"rendered":"","protected":false},"author":1,"featured_media":0,"parent":0,"menu_order":1,"comment_status":"closed","ping_status":"closed","template":"templates\/page-onepage.php","meta":{"_acf_changed":false,"footnotes":""},"class_list":["post-12325","page","type-page","status-publish","hentry"],"acf":[],"yoast_head":"<!-- This site is optimized with the Yoast SEO plugin v27.4 - https:\/\/yoast.com\/product\/yoast-seo-wordpress\/ -->\n<title>\u00dcber uns | Euro-Ceramika | Showrooms mit Badausstattung<\/title>\n<meta name=\"description\" content=\"Bei uns finden Sie Badausstattung f\u00fcr Badezimmer in jedem Stil. Hochwertige Fliesen auch f\u00fcr K\u00fcche, Wohzimmer &amp; Terasse. Informieren Sie sich jetzt.\" \/>\n<meta name=\"robots\" content=\"index, follow, max-snippet:-1, max-image-preview:large, max-video-preview:-1\" \/>\n<link rel=\"canonical\" href=\"https:\/\/www.euro-ceramika.pl\/o-nas\/\" \/>\n<meta property=\"og:locale\" content=\"de_DE\" \/>\n<meta property=\"og:type\" content=\"article\" \/>\n<meta property=\"og:title\" content=\"\u00dcber uns | Euro-Ceramika | Showrooms mit Badausstattung\" \/>\n<meta property=\"og:description\" content=\"Bei uns finden Sie Badausstattung f\u00fcr Badezimmer in jedem Stil. Hochwertige Fliesen auch f\u00fcr K\u00fcche, Wohzimmer &amp; Terasse. Informieren Sie sich jetzt.\" \/>\n<meta property=\"og:url\" content=\"https:\/\/www.euro-ceramika.pl\/o-nas\/\" \/>\n<meta property=\"og:site_name\" content=\"Euro Ceramika\" \/>\n<meta property=\"article:publisher\" content=\"https:\/\/www.facebook.com\/pages\/Euro-Ceramika\/331389746932335\" \/>\n<meta property=\"article:modified_time\" content=\"2019-03-11T16:01:12+00:00\" \/>\n<meta name=\"twitter:card\" content=\"summary_large_image\" \/>\n<!-- \/ Yoast SEO plugin. -->","yoast_head_json":{"title":"\u00dcber uns | Euro-Ceramika | Showrooms mit Badausstattung","description":"Bei uns finden Sie Badausstattung f\u00fcr Badezimmer in jedem Stil. Hochwertige Fliesen auch f\u00fcr K\u00fcche, Wohzimmer & Terasse. Informieren Sie sich jetzt.","robots":{"index":"index","follow":"follow","max-snippet":"max-snippet:-1","max-image-preview":"max-image-preview:large","max-video-preview":"max-video-preview:-1"},"canonical":"https:\/\/www.euro-ceramika.pl\/o-nas\/","og_locale":"de_DE","og_type":"article","og_title":"\u00dcber uns | Euro-Ceramika | Showrooms mit Badausstattung","og_description":"Bei uns finden Sie Badausstattung f\u00fcr Badezimmer in jedem Stil. Hochwertige Fliesen auch f\u00fcr K\u00fcche, Wohzimmer & Terasse. Informieren Sie sich jetzt.","og_url":"https:\/\/www.euro-ceramika.pl\/o-nas\/","og_site_name":"Euro Ceramika","article_publisher":"https:\/\/www.facebook.com\/pages\/Euro-Ceramika\/331389746932335","article_modified_time":"2019-03-11T16:01:12+00:00","twitter_card":"summary_large_image","schema":{"@context":"https:\/\/schema.org","@graph":[{"@type":"WebPage","@id":"https:\/\/www.euro-ceramika.pl\/o-nas\/","url":"https:\/\/www.euro-ceramika.pl\/o-nas\/","name":"\u00dcber uns | Euro-Ceramika | Showrooms mit Badausstattung","isPartOf":{"@id":"http:\/\/www.euro-ceramika.pl\/#website"},"datePublished":"2017-09-13T07:02:28+00:00","dateModified":"2019-03-11T16:01:12+00:00","description":"Bei uns finden Sie Badausstattung f\u00fcr Badezimmer in jedem Stil. Hochwertige Fliesen auch f\u00fcr K\u00fcche, Wohzimmer & Terasse. Informieren Sie sich jetzt.","breadcrumb":{"@id":"https:\/\/www.euro-ceramika.pl\/o-nas\/#breadcrumb"},"inLanguage":"de","potentialAction":[{"@type":"ReadAction","target":["https:\/\/www.euro-ceramika.pl\/o-nas\/"]}]},{"@type":"BreadcrumbList","@id":"https:\/\/www.euro-ceramika.pl\/o-nas\/#breadcrumb","itemListElement":[{"@type":"ListItem","position":1,"name":"","item":"https:\/\/www.euro-ceramika.pl\/"},{"@type":"ListItem","position":2,"name":"\u00dcber uns"}]},{"@type":"WebSite","@id":"http:\/\/www.euro-ceramika.pl\/#website","url":"http:\/\/www.euro-ceramika.pl\/","name":"Euro Ceramika","description":"","potentialAction":[{"@type":"SearchAction","target":{"@type":"EntryPoint","urlTemplate":"http:\/\/www.euro-ceramika.pl\/?s={search_term_string}"},"query-input":{"@type":"PropertyValueSpecification","valueRequired":true,"valueName":"search_term_string"}}],"inLanguage":"de"}]}},"_links":{"self":[{"href":"http:\/\/www.euro-ceramika.pl\/de\/wp-json\/wp\/v2\/pages\/12325","targetHints":{"allow":["GET"]}}],"collection":[{"href":"http:\/\/www.euro-ceramika.pl\/de\/wp-json\/wp\/v2\/pages"}],"about":[{"href":"http:\/\/www.euro-ceramika.pl\/de\/wp-json\/wp\/v2\/types\/page"}],"author":[{"embeddable":true,"href":"http:\/\/www.euro-ceramika.pl\/de\/wp-json\/wp\/v2\/users\/1"}],"replies":[{"embeddable":true,"href":"http:\/\/www.euro-ceramika.pl\/de\/wp-json\/wp\/v2\/comments?post=12325"}],"version-history":[{"count":0,"href":"http:\/\/www.euro-ceramika.pl\/de\/wp-json\/wp\/v2\/pages\/12325\/revisions"}],"wp:attachment":[{"href":"http:\/\/www.euro-ceramika.pl\/de\/wp-json\/wp\/v2\/media?parent=12325"}],"curies":[{"name":"wp","href":"https:\/\/api.w.org\/{rel}","templated":true}]}}