{"id":39847,"date":"2018-03-05T14:43:43","date_gmt":"2018-03-05T13:43:43","guid":{"rendered":"http:\/\/www.euro-ceramika.pl\/?page_id=39847"},"modified":"2021-06-21T18:22:04","modified_gmt":"2021-06-21T16:22:04","slug":"kontakt-mit-uns","status":"publish","type":"page","link":"http:\/\/www.euro-ceramika.pl\/de\/kontakt-mit-uns\/","title":{"rendered":"Kontakt"},"content":{"rendered":"","protected":false},"excerpt":{"rendered":"","protected":false},"author":1,"featured_media":0,"parent":0,"menu_order":0,"comment_status":"closed","ping_status":"closed","template":"templates\/page-onepage.php","meta":{"_acf_changed":false,"footnotes":""},"class_list":["post-39847","page","type-page","status-publish","hentry"],"acf":[],"yoast_head":"<!-- This site is optimized with the Yoast SEO plugin v27.5 - https:\/\/yoast.com\/product\/yoast-seo-wordpress\/ -->\n<title>Kontakt - Euro Ceramika | Badezimmerausstattung Warschau<\/title>\n<meta name=\"description\" content=\"Besuchen Sie unsere Fachgesch\u00e4fte in Warschau. Entdecken Sie eine inspirierende Vielfalt von hochwertigen Fliesen f\u00fcr Ihren pers\u00f6nlichen Fliesen- Wunsch.\" \/>\n<meta name=\"robots\" content=\"index, follow, max-snippet:-1, max-image-preview:large, max-video-preview:-1\" \/>\n<link rel=\"canonical\" href=\"http:\/\/www.euro-ceramika.pl\/de\/kontakt-mit-uns\/\" \/>\n<meta property=\"og:locale\" content=\"de_DE\" \/>\n<meta property=\"og:type\" content=\"article\" \/>\n<meta property=\"og:title\" content=\"Kontakt - Euro Ceramika | Badezimmerausstattung Warschau\" \/>\n<meta property=\"og:description\" content=\"Besuchen Sie unsere Fachgesch\u00e4fte in Warschau. Entdecken Sie eine inspirierende Vielfalt von hochwertigen Fliesen f\u00fcr Ihren pers\u00f6nlichen Fliesen- Wunsch.\" \/>\n<meta property=\"og:url\" content=\"http:\/\/www.euro-ceramika.pl\/de\/kontakt-mit-uns\/\" \/>\n<meta property=\"og:site_name\" content=\"Euro Ceramika\" \/>\n<meta property=\"article:publisher\" content=\"https:\/\/www.facebook.com\/pages\/Euro-Ceramika\/331389746932335\" \/>\n<meta property=\"article:modified_time\" content=\"2021-06-21T16:22:04+00:00\" \/>\n<meta name=\"twitter:card\" content=\"summary_large_image\" \/>\n<!-- \/ Yoast SEO plugin. -->","yoast_head_json":{"title":"Kontakt - Euro Ceramika | Badezimmerausstattung Warschau","description":"Besuchen Sie unsere Fachgesch\u00e4fte in Warschau. Entdecken Sie eine inspirierende Vielfalt von hochwertigen Fliesen f\u00fcr Ihren pers\u00f6nlichen Fliesen- Wunsch.","robots":{"index":"index","follow":"follow","max-snippet":"max-snippet:-1","max-image-preview":"max-image-preview:large","max-video-preview":"max-video-preview:-1"},"canonical":"http:\/\/www.euro-ceramika.pl\/de\/kontakt-mit-uns\/","og_locale":"de_DE","og_type":"article","og_title":"Kontakt - Euro Ceramika | Badezimmerausstattung Warschau","og_description":"Besuchen Sie unsere Fachgesch\u00e4fte in Warschau. Entdecken Sie eine inspirierende Vielfalt von hochwertigen Fliesen f\u00fcr Ihren pers\u00f6nlichen Fliesen- Wunsch.","og_url":"http:\/\/www.euro-ceramika.pl\/de\/kontakt-mit-uns\/","og_site_name":"Euro Ceramika","article_publisher":"https:\/\/www.facebook.com\/pages\/Euro-Ceramika\/331389746932335","article_modified_time":"2021-06-21T16:22:04+00:00","twitter_card":"summary_large_image","schema":{"@context":"https:\/\/schema.org","@graph":[{"@type":"WebPage","@id":"http:\/\/www.euro-ceramika.pl\/de\/kontakt-mit-uns\/","url":"http:\/\/www.euro-ceramika.pl\/de\/kontakt-mit-uns\/","name":"Kontakt - Euro Ceramika | Badezimmerausstattung Warschau","isPartOf":{"@id":"http:\/\/www.euro-ceramika.pl\/#website"},"datePublished":"2018-03-05T13:43:43+00:00","dateModified":"2021-06-21T16:22:04+00:00","description":"Besuchen Sie unsere Fachgesch\u00e4fte in Warschau. Entdecken Sie eine inspirierende Vielfalt von hochwertigen Fliesen f\u00fcr Ihren pers\u00f6nlichen Fliesen- Wunsch.","breadcrumb":{"@id":"http:\/\/www.euro-ceramika.pl\/de\/kontakt-mit-uns\/#breadcrumb"},"inLanguage":"de","potentialAction":[{"@type":"ReadAction","target":["http:\/\/www.euro-ceramika.pl\/de\/kontakt-mit-uns\/"]}]},{"@type":"BreadcrumbList","@id":"http:\/\/www.euro-ceramika.pl\/de\/kontakt-mit-uns\/#breadcrumb","itemListElement":[{"@type":"ListItem","position":1,"name":"","item":"http:\/\/www.euro-ceramika.pl\/"},{"@type":"ListItem","position":2,"name":"Kontakt"}]},{"@type":"WebSite","@id":"http:\/\/www.euro-ceramika.pl\/#website","url":"http:\/\/www.euro-ceramika.pl\/","name":"Euro Ceramika","description":"","potentialAction":[{"@type":"SearchAction","target":{"@type":"EntryPoint","urlTemplate":"http:\/\/www.euro-ceramika.pl\/?s={search_term_string}"},"query-input":{"@type":"PropertyValueSpecification","valueRequired":true,"valueName":"search_term_string"}}],"inLanguage":"de"}]}},"_links":{"self":[{"href":"http:\/\/www.euro-ceramika.pl\/de\/wp-json\/wp\/v2\/pages\/39847","targetHints":{"allow":["GET"]}}],"collection":[{"href":"http:\/\/www.euro-ceramika.pl\/de\/wp-json\/wp\/v2\/pages"}],"about":[{"href":"http:\/\/www.euro-ceramika.pl\/de\/wp-json\/wp\/v2\/types\/page"}],"author":[{"embeddable":true,"href":"http:\/\/www.euro-ceramika.pl\/de\/wp-json\/wp\/v2\/users\/1"}],"replies":[{"embeddable":true,"href":"http:\/\/www.euro-ceramika.pl\/de\/wp-json\/wp\/v2\/comments?post=39847"}],"version-history":[{"count":0,"href":"http:\/\/www.euro-ceramika.pl\/de\/wp-json\/wp\/v2\/pages\/39847\/revisions"}],"wp:attachment":[{"href":"http:\/\/www.euro-ceramika.pl\/de\/wp-json\/wp\/v2\/media?parent=39847"}],"curies":[{"name":"wp","href":"https:\/\/api.w.org\/{rel}","templated":true}]}}