{"id":12536,"date":"2017-09-14T08:51:42","date_gmt":"2017-09-14T06:51:42","guid":{"rendered":"http:\/\/www.euro-ceramika.pl\/nowa\/?page_id=12536"},"modified":"2024-09-03T14:58:25","modified_gmt":"2024-09-03T12:58:25","slug":"startseite","status":"publish","type":"page","link":"https:\/\/www.euro-ceramika.pl\/de\/","title":{"rendered":"Startseite"},"content":{"rendered":"","protected":false},"excerpt":{"rendered":"","protected":false},"author":2,"featured_media":0,"parent":0,"menu_order":0,"comment_status":"closed","ping_status":"closed","template":"templates\/page-home.php","meta":{"_acf_changed":false,"footnotes":""},"class_list":["post-12536","page","type-page","status-publish","hentry"],"acf":[],"yoast_head":"<!-- This site is optimized with the Yoast SEO plugin v27.6 - https:\/\/yoast.com\/product\/yoast-seo-wordpress\/ -->\n<title>Startseite | Euro-Ceramika | Showrooms mit Badausstattung<\/title>\n<meta name=\"description\" content=\"Bei uns kaufen Sie Keramikfliesen, Sanit\u00e4rkeramik, Armaturen &amp; Badezimmerm\u00f6bel. Wir bieten auch Bad- und Innenprojekte. Besuchen Sie unsere Fachgesch\u00e4fte.\" \/>\n<meta name=\"robots\" content=\"index, follow, max-snippet:-1, max-image-preview:large, max-video-preview:-1\" \/>\n<link rel=\"canonical\" href=\"https:\/\/www.euro-ceramika.pl\/de\/\" \/>\n<meta property=\"og:locale\" content=\"de_DE\" \/>\n<meta property=\"og:type\" content=\"article\" \/>\n<meta property=\"og:title\" content=\"Startseite | Euro-Ceramika | Showrooms mit Badausstattung\" \/>\n<meta property=\"og:description\" content=\"Bei uns kaufen Sie Keramikfliesen, Sanit\u00e4rkeramik, Armaturen &amp; Badezimmerm\u00f6bel. Wir bieten auch Bad- und Innenprojekte. Besuchen Sie unsere Fachgesch\u00e4fte.\" \/>\n<meta property=\"og:url\" content=\"https:\/\/www.euro-ceramika.pl\/de\/\" \/>\n<meta property=\"og:site_name\" content=\"Euro Ceramika\" \/>\n<meta property=\"article:publisher\" content=\"https:\/\/www.facebook.com\/pages\/Euro-Ceramika\/331389746932335\" \/>\n<meta property=\"article:modified_time\" content=\"2024-09-03T12:58:25+00:00\" \/>\n<meta name=\"twitter:card\" content=\"summary_large_image\" \/>\n<!-- \/ Yoast SEO plugin. -->","yoast_head_json":{"title":"Startseite | Euro-Ceramika | Showrooms mit Badausstattung","description":"Bei uns kaufen Sie Keramikfliesen, Sanit\u00e4rkeramik, Armaturen & Badezimmerm\u00f6bel. Wir bieten auch Bad- und Innenprojekte. Besuchen Sie unsere Fachgesch\u00e4fte.","robots":{"index":"index","follow":"follow","max-snippet":"max-snippet:-1","max-image-preview":"max-image-preview:large","max-video-preview":"max-video-preview:-1"},"canonical":"https:\/\/www.euro-ceramika.pl\/de\/","og_locale":"de_DE","og_type":"article","og_title":"Startseite | Euro-Ceramika | Showrooms mit Badausstattung","og_description":"Bei uns kaufen Sie Keramikfliesen, Sanit\u00e4rkeramik, Armaturen & Badezimmerm\u00f6bel. Wir bieten auch Bad- und Innenprojekte. Besuchen Sie unsere Fachgesch\u00e4fte.","og_url":"https:\/\/www.euro-ceramika.pl\/de\/","og_site_name":"Euro Ceramika","article_publisher":"https:\/\/www.facebook.com\/pages\/Euro-Ceramika\/331389746932335","article_modified_time":"2024-09-03T12:58:25+00:00","twitter_card":"summary_large_image","schema":{"@context":"https:\/\/schema.org","@graph":[{"@type":"WebPage","@id":"https:\/\/www.euro-ceramika.pl\/de\/","url":"https:\/\/www.euro-ceramika.pl\/de\/","name":"Startseite | Euro-Ceramika | Showrooms mit Badausstattung","isPartOf":{"@id":"http:\/\/www.euro-ceramika.pl\/#website"},"datePublished":"2017-09-14T06:51:42+00:00","dateModified":"2024-09-03T12:58:25+00:00","description":"Bei uns kaufen Sie Keramikfliesen, Sanit\u00e4rkeramik, Armaturen & Badezimmerm\u00f6bel. Wir bieten auch Bad- und Innenprojekte. Besuchen Sie unsere Fachgesch\u00e4fte.","breadcrumb":{"@id":"https:\/\/www.euro-ceramika.pl\/de\/#breadcrumb"},"inLanguage":"de","potentialAction":[{"@type":"ReadAction","target":["https:\/\/www.euro-ceramika.pl\/de\/"]}]},{"@type":"BreadcrumbList","@id":"https:\/\/www.euro-ceramika.pl\/de\/#breadcrumb","itemListElement":[{"@type":"ListItem","position":1,"name":"","item":"https:\/\/www.euro-ceramika.pl\/de\/"},{"@type":"ListItem","position":2,"name":"Startseite"}]},{"@type":"WebSite","@id":"http:\/\/www.euro-ceramika.pl\/#website","url":"http:\/\/www.euro-ceramika.pl\/","name":"Euro Ceramika","description":"","potentialAction":[{"@type":"SearchAction","target":{"@type":"EntryPoint","urlTemplate":"http:\/\/www.euro-ceramika.pl\/?s={search_term_string}"},"query-input":{"@type":"PropertyValueSpecification","valueRequired":true,"valueName":"search_term_string"}}],"inLanguage":"de"}]}},"_links":{"self":[{"href":"https:\/\/www.euro-ceramika.pl\/de\/wp-json\/wp\/v2\/pages\/12536","targetHints":{"allow":["GET"]}}],"collection":[{"href":"https:\/\/www.euro-ceramika.pl\/de\/wp-json\/wp\/v2\/pages"}],"about":[{"href":"https:\/\/www.euro-ceramika.pl\/de\/wp-json\/wp\/v2\/types\/page"}],"author":[{"embeddable":true,"href":"https:\/\/www.euro-ceramika.pl\/de\/wp-json\/wp\/v2\/users\/2"}],"replies":[{"embeddable":true,"href":"https:\/\/www.euro-ceramika.pl\/de\/wp-json\/wp\/v2\/comments?post=12536"}],"version-history":[{"count":0,"href":"https:\/\/www.euro-ceramika.pl\/de\/wp-json\/wp\/v2\/pages\/12536\/revisions"}],"wp:attachment":[{"href":"https:\/\/www.euro-ceramika.pl\/de\/wp-json\/wp\/v2\/media?parent=12536"}],"curies":[{"name":"wp","href":"https:\/\/api.w.org\/{rel}","templated":true}]}}